{"id":1710,"date":"2025-11-02T17:01:01","date_gmt":"2025-11-02T16:01:01","guid":{"rendered":"https:\/\/www.pjevents.ch\/?post_type=product&#038;p=1710"},"modified":"2026-02-03T10:58:04","modified_gmt":"2026-02-03T09:58:04","slug":"ultraglow-riot","status":"publish","type":"product","link":"https:\/\/www.pjevents.ch\/en\/product\/ultraglow-riot\/","title":{"rendered":"Ultraglow Riot"},"content":{"rendered":"<p data-start=\"0\" data-end=\"88\"><strong data-start=\"0\" data-end=\"14\">Raumgr\u00f6\u00dfe:<\/strong> Gro\u00df (L) \u2013 120\u2013250 m\u00b2<br data-start=\"36\" data-end=\"39\" \/><strong data-start=\"39\" data-end=\"49\">Genre:<\/strong> Electronic<br data-start=\"62\" data-end=\"65\" \/><strong data-start=\"65\" data-end=\"74\" data-is-only-node=\"\">Vibe:<\/strong> Dance Party<\/p>\n<p data-start=\"90\" data-end=\"571\"><strong data-start=\"90\" data-end=\"107\">Beschreibung:<\/strong><br data-start=\"107\" data-end=\"110\" \/>Ultraglow Riot ist das energiegeladene Dance-Bundle f\u00fcr gro\u00dfe elektronische Events mit starkem Fokus auf Bewegung und Helligkeit.<br data-start=\"239\" data-end=\"242\" \/>Zwei Superflys erzeugen rotierende Beam-Effekte, w\u00e4hrend vier MaxiPars die B\u00fchne mit kr\u00e4ftigen Farben fluten.<br data-start=\"351\" data-end=\"354\" \/>Zwei Mini-Strobes sorgen f\u00fcr blitzartige Impulse im Takt der Musik, und zwei BUV-Fluter geben dem Raum intensiven UV-Glanzeffekt.<br data-start=\"483\" data-end=\"486\" \/>Ein ausbalanciertes Set f\u00fcr gro\u00dfe Dancefloors mit klarem, clubtauglichem Lichtbild.<\/p>\n<p data-start=\"573\" data-end=\"586\"><strong data-start=\"573\" data-end=\"584\">Inhalt:<\/strong><\/p>\n<ul data-start=\"587\" data-end=\"771\">\n<li data-start=\"587\" data-end=\"612\">\n<p data-start=\"589\" data-end=\"612\">2 \u00d7 Cameo Superfly XS<\/p>\n<\/li>\n<li data-start=\"613\" data-end=\"639\">\n<p data-start=\"615\" data-end=\"639\">4 \u00d7 Cameo MaxiPar Quad<\/p>\n<\/li>\n<li data-start=\"640\" data-end=\"668\">\n<p data-start=\"642\" data-end=\"668\">2 \u00d7 Eurolite Mini Strobe<\/p>\n<\/li>\n<li data-start=\"669\" data-end=\"690\">\n<p data-start=\"671\" data-end=\"690\">2 \u00d7 BeamZ BUV 463<\/p>\n<\/li>\n<li data-start=\"691\" data-end=\"715\">\n<p data-start=\"693\" data-end=\"715\"><strong data-start=\"693\" data-end=\"713\">4 \u00d7 Lichtstative<\/strong><\/p>\n<\/li>\n<li data-start=\"716\" data-end=\"743\">\n<p data-start=\"718\" data-end=\"743\"><strong data-start=\"718\" data-end=\"736\">DMX-Steuerung:<\/strong> No<\/p>\n<\/li>\n<\/ul>\n<p data-start=\"746\" data-end=\"771\"><strong data-start=\"746\" data-end=\"757\">Gesamt:<\/strong> 10 Fixtures<\/p>\n<p data-start=\"773\" data-end=\"884\" data-is-last-node=\"\" data-is-only-node=\"\">","protected":false},"excerpt":{"rendered":"<p>Ultraglow Riot ist das energiegeladene Dance-Bundle f\u00fcr gro\u00dfe elektronische Events mit starkem Fokus auf Bewegung und Helligkeit.<br data-start=\"239\" data-end=\"242\" \/>Zwei Superflys erzeugen rotierende Beam-Effekte, w\u00e4hrend vier MaxiPars die B\u00fchne mit kr\u00e4ftigen Farben fluten.<br data-start=\"351\" data-end=\"354\" \/>Zwei Mini-Strobes sorgen f\u00fcr blitzartige Impulse im Takt der Musik, und zwei BUV-Fluter geben dem Raum intensiven UV-Glanzeffekt.<br data-start=\"483\" data-end=\"486\" \/>Ein ausbalanciertes Set f\u00fcr gro\u00dfe Dancefloors mit klarem, clubtauglichem Lichtbild.<\/p>","protected":false},"featured_media":1854,"comment_status":"open","ping_status":"closed","template":"","meta":{"_kad_post_transparent":"default","_kad_post_title":"","_kad_post_layout":"default","_kad_post_sidebar_id":"","_kad_post_content_style":"default","_kad_post_vertical_padding":"default","_kad_post_feature":"","_kad_post_feature_position":"","_kad_post_header":false,"_kad_post_footer":false,"_kad_post_classname":""},"product_brand":[],"product_cat":[243,339],"product_tag":[306,290],"class_list":{"0":"post-1710","1":"product","2":"type-product","3":"status-publish","4":"has-post-thumbnail","6":"product_cat-bundle","7":"product_cat-licht-sets","8":"product_tag-edl","9":"product_tag-lights","11":"first","12":"instock","13":"shipping-taxable","14":"purchasable","15":"product-type-redq_rental","16":"entry","17":"content-bg","18":"loop-entry"},"_links":{"self":[{"href":"https:\/\/www.pjevents.ch\/en\/wp-json\/wp\/v2\/product\/1710","targetHints":{"allow":["GET"]}}],"collection":[{"href":"https:\/\/www.pjevents.ch\/en\/wp-json\/wp\/v2\/product"}],"about":[{"href":"https:\/\/www.pjevents.ch\/en\/wp-json\/wp\/v2\/types\/product"}],"replies":[{"embeddable":true,"href":"https:\/\/www.pjevents.ch\/en\/wp-json\/wp\/v2\/comments?post=1710"}],"wp:featuredmedia":[{"embeddable":true,"href":"https:\/\/www.pjevents.ch\/en\/wp-json\/wp\/v2\/media\/1854"}],"wp:attachment":[{"href":"https:\/\/www.pjevents.ch\/en\/wp-json\/wp\/v2\/media?parent=1710"}],"wp:term":[{"taxonomy":"product_brand","embeddable":true,"href":"https:\/\/www.pjevents.ch\/en\/wp-json\/wp\/v2\/product_brand?post=1710"},{"taxonomy":"product_cat","embeddable":true,"href":"https:\/\/www.pjevents.ch\/en\/wp-json\/wp\/v2\/product_cat?post=1710"},{"taxonomy":"product_tag","embeddable":true,"href":"https:\/\/www.pjevents.ch\/en\/wp-json\/wp\/v2\/product_tag?post=1710"}],"curies":[{"name":"wp","href":"https:\/\/api.w.org\/{rel}","templated":true}]}}