{"id":1713,"date":"2025-11-02T17:11:25","date_gmt":"2025-11-02T16:11:25","guid":{"rendered":"https:\/\/www.pjevents.ch\/?post_type=product&#038;p=1713"},"modified":"2026-02-03T10:57:36","modified_gmt":"2026-02-03T09:57:36","slug":"violet-pulse","status":"publish","type":"product","link":"https:\/\/www.pjevents.ch\/en\/product\/violet-pulse\/","title":{"rendered":"Violet Pulse"},"content":{"rendered":"<p data-start=\"0\" data-end=\"86\"><strong data-start=\"0\" data-end=\"14\">Raumgr\u00f6\u00dfe:<\/strong> Klein (S) \u2013 bis 40 m\u00b2<br data-start=\"36\" data-end=\"39\" \/><strong data-start=\"39\" data-end=\"49\">Genre:<\/strong> Electronic<br data-start=\"62\" data-end=\"65\" \/><strong data-start=\"65\" data-end=\"74\" data-is-only-node=\"\">Vibe:<\/strong> Neon party<\/p>\n<p data-start=\"88\" data-end=\"459\"><strong data-start=\"88\" data-end=\"105\">Beschreibung:<\/strong><br data-start=\"105\" data-end=\"108\" \/>Violet Pulse ist das kompakte Glow-Bundle f\u00fcr kleine elektronische Events oder Neonpartys.<br data-start=\"198\" data-end=\"201\" \/>Ein Superfly sorgt f\u00fcr lebendige Bewegung und bunte Beams, w\u00e4hrend zwei UV Floods und eine UV-R\u00f6hre den Raum in intensives Schwarzlicht tauchen.<br data-start=\"345\" data-end=\"348\" \/>Ideal f\u00fcr kleine Chillout-Zonen, Neon-Abende oder WG-Raves mit starkem visuellen Effekt bei minimalem Aufbau.<\/p>\n<p data-start=\"461\" data-end=\"474\"><strong data-start=\"461\" data-end=\"472\">Inhalt:<\/strong><\/p>\n<ul data-start=\"475\" data-end=\"636\">\n<li data-start=\"475\" data-end=\"500\">\n<p data-start=\"477\" data-end=\"500\">1 \u00d7 Cameo Superfly XS<\/p>\n<\/li>\n<li data-start=\"501\" data-end=\"524\">\n<p data-start=\"503\" data-end=\"524\">2 \u00d7 ADJ UV Flood 36<\/p>\n<\/li>\n<li data-start=\"525\" data-end=\"557\">\n<p data-start=\"527\" data-end=\"557\">1 \u00d7 Eurolite UV-R\u00f6hre 120 cm<\/p>\n<\/li>\n<li data-start=\"558\" data-end=\"581\">\n<p data-start=\"560\" data-end=\"581\"><strong data-start=\"560\" data-end=\"579\">1 \u00d7 Lichtstativ<\/strong><\/p>\n<\/li>\n<li data-start=\"582\" data-end=\"609\">\n<p data-start=\"584\" data-end=\"609\"><strong data-start=\"584\" data-end=\"602\">DMX-Steuerung:<\/strong> No<\/p>\n<\/li>\n<\/ul>\n<p data-start=\"612\" data-end=\"636\"><strong data-start=\"612\" data-end=\"623\">Gesamt:<\/strong> 4 Fixtures<\/p>\n<p data-start=\"638\" data-end=\"747\" data-is-last-node=\"\" data-is-only-node=\"\">","protected":false},"excerpt":{"rendered":"<p>Violet Pulse ist das kompakte Glow-Bundle f\u00fcr kleine elektronische Events oder Neonpartys.<br data-start=\"198\" data-end=\"201\" \/>Ein Superfly sorgt f\u00fcr lebendige Bewegung und bunte Beams, w\u00e4hrend zwei UV Floods und eine UV-R\u00f6hre den Raum in intensives Schwarzlicht tauchen.<br data-start=\"345\" data-end=\"348\" \/>Ideal f\u00fcr kleine Chillout-Zonen, Neon-Abende oder WG-Raves mit starkem visuellen Effekt bei minimalem Aufbau.<\/p>","protected":false},"featured_media":1857,"comment_status":"open","ping_status":"closed","template":"","meta":{"_kad_post_transparent":"default","_kad_post_title":"","_kad_post_layout":"default","_kad_post_sidebar_id":"","_kad_post_content_style":"default","_kad_post_vertical_padding":"default","_kad_post_feature":"","_kad_post_feature_position":"","_kad_post_header":false,"_kad_post_footer":false,"_kad_post_classname":""},"product_brand":[],"product_cat":[243,339],"product_tag":[303,290],"class_list":{"0":"post-1713","1":"product","2":"type-product","3":"status-publish","4":"has-post-thumbnail","6":"product_cat-bundle","7":"product_cat-licht-sets","8":"product_tag-ens","9":"product_tag-lights","11":"first","12":"instock","13":"shipping-taxable","14":"purchasable","15":"product-type-redq_rental","16":"entry","17":"content-bg","18":"loop-entry"},"_links":{"self":[{"href":"https:\/\/www.pjevents.ch\/en\/wp-json\/wp\/v2\/product\/1713","targetHints":{"allow":["GET"]}}],"collection":[{"href":"https:\/\/www.pjevents.ch\/en\/wp-json\/wp\/v2\/product"}],"about":[{"href":"https:\/\/www.pjevents.ch\/en\/wp-json\/wp\/v2\/types\/product"}],"replies":[{"embeddable":true,"href":"https:\/\/www.pjevents.ch\/en\/wp-json\/wp\/v2\/comments?post=1713"}],"wp:featuredmedia":[{"embeddable":true,"href":"https:\/\/www.pjevents.ch\/en\/wp-json\/wp\/v2\/media\/1857"}],"wp:attachment":[{"href":"https:\/\/www.pjevents.ch\/en\/wp-json\/wp\/v2\/media?parent=1713"}],"wp:term":[{"taxonomy":"product_brand","embeddable":true,"href":"https:\/\/www.pjevents.ch\/en\/wp-json\/wp\/v2\/product_brand?post=1713"},{"taxonomy":"product_cat","embeddable":true,"href":"https:\/\/www.pjevents.ch\/en\/wp-json\/wp\/v2\/product_cat?post=1713"},{"taxonomy":"product_tag","embeddable":true,"href":"https:\/\/www.pjevents.ch\/en\/wp-json\/wp\/v2\/product_tag?post=1713"}],"curies":[{"name":"wp","href":"https:\/\/api.w.org\/{rel}","templated":true}]}}