{"id":545,"date":"2025-09-11T23:20:22","date_gmt":"2025-09-11T21:20:22","guid":{"rendered":"https:\/\/www.pjevents.ch\/produkt\/cameo-superfly-xs\/"},"modified":"2026-02-03T10:46:56","modified_gmt":"2026-02-03T09:46:56","slug":"cameo-superfly-xs","status":"publish","type":"product","link":"https:\/\/www.pjevents.ch\/en\/product\/cameo-superfly-xs\/","title":{"rendered":"Cameo Superfly XS"},"content":{"rendered":"<p>Der Cameo Superfly XS kombiniert einen klassischen Derby-Effekt mit kr\u00e4ftigen RGBW-LEDs und einem eingebauten Strobe. Er bietet Automatik-, Sound- und DMX-Modus (8 Kan\u00e4le) sowie Master\/Slave-Funktion f\u00fcr Kombinationen. Mit seinen vielen Beams sorgt er f\u00fcr Bewegung und Farbe in kleinen bis mittleren R\u00e4umen.<\/p>","protected":false},"excerpt":{"rendered":"<p>Kompakter LED-Derbyeffekt mit zwei Linsen, bunten Beams und integriertem Strobe \u2013 l\u00e4uft Auto, Sound-to-Light oder per DMX.<\/p>\n[video width=\"1920\" height=\"1080\" mp4=\"http:\/\/www.pjevents.ch\/wp-content\/uploads\/2025\/09\/Superfly-1.mp4\"][\/video]\n","protected":false},"featured_media":731,"comment_status":"open","ping_status":"closed","template":"","meta":{"_kad_post_transparent":"default","_kad_post_title":"","_kad_post_layout":"default","_kad_post_sidebar_id":"","_kad_post_content_style":"default","_kad_post_vertical_padding":"default","_kad_post_feature":"","_kad_post_feature_position":"","_kad_post_header":false,"_kad_post_footer":false,"_kad_post_classname":""},"product_brand":[],"product_cat":[333,22],"product_tag":[240,332,223],"class_list":{"0":"post-545","1":"product","2":"type-product","3":"status-publish","4":"has-post-thumbnail","6":"product_cat-derby","7":"product_cat-licht","8":"product_tag-derby","9":"product_tag-fill","10":"product_tag-light","12":"first","13":"instock","14":"shipping-taxable","15":"purchasable","16":"product-type-redq_rental","17":"entry","18":"content-bg","19":"loop-entry"},"_links":{"self":[{"href":"https:\/\/www.pjevents.ch\/en\/wp-json\/wp\/v2\/product\/545","targetHints":{"allow":["GET"]}}],"collection":[{"href":"https:\/\/www.pjevents.ch\/en\/wp-json\/wp\/v2\/product"}],"about":[{"href":"https:\/\/www.pjevents.ch\/en\/wp-json\/wp\/v2\/types\/product"}],"replies":[{"embeddable":true,"href":"https:\/\/www.pjevents.ch\/en\/wp-json\/wp\/v2\/comments?post=545"}],"wp:featuredmedia":[{"embeddable":true,"href":"https:\/\/www.pjevents.ch\/en\/wp-json\/wp\/v2\/media\/731"}],"wp:attachment":[{"href":"https:\/\/www.pjevents.ch\/en\/wp-json\/wp\/v2\/media?parent=545"}],"wp:term":[{"taxonomy":"product_brand","embeddable":true,"href":"https:\/\/www.pjevents.ch\/en\/wp-json\/wp\/v2\/product_brand?post=545"},{"taxonomy":"product_cat","embeddable":true,"href":"https:\/\/www.pjevents.ch\/en\/wp-json\/wp\/v2\/product_cat?post=545"},{"taxonomy":"product_tag","embeddable":true,"href":"https:\/\/www.pjevents.ch\/en\/wp-json\/wp\/v2\/product_tag?post=545"}],"curies":[{"name":"wp","href":"https:\/\/api.w.org\/{rel}","templated":true}]}}