{"id":548,"date":"2025-09-11T23:20:22","date_gmt":"2025-09-11T21:20:22","guid":{"rendered":"https:\/\/www.pjevents.ch\/produkt\/eurolite-uv-roehre-120cm\/"},"modified":"2026-02-03T10:47:17","modified_gmt":"2026-02-03T09:47:17","slug":"eurolite-uv-roehre-120cm","status":"publish","type":"product","link":"https:\/\/www.pjevents.ch\/en\/product\/eurolite-uv-roehre-120cm\/","title":{"rendered":"Eurolite UV tube 120cm"},"content":{"rendered":"<p>Die Eurolite UV-R\u00f6hre 120 cm erzeugt intensives Schwarzlicht, das wei\u00dfe Kleidung und Neonfarben zum Leuchten bringt. Einfach einstecken, einschalten und sofort Party-Atmosph\u00e4re \u2013 ideal f\u00fcr kleine R\u00e4ume, Geburtstage und Neon-Partys.<\/p>","protected":false},"excerpt":{"rendered":"<p>Classic 120 cm UV tube (36 W), bathes rooms and objects in powerful black light.<\/p>","protected":false},"featured_media":744,"comment_status":"open","ping_status":"closed","template":"","meta":{"_kad_post_transparent":"default","_kad_post_title":"","_kad_post_layout":"default","_kad_post_sidebar_id":"","_kad_post_content_style":"default","_kad_post_vertical_padding":"default","_kad_post_feature":"","_kad_post_feature_position":"","_kad_post_header":false,"_kad_post_footer":false,"_kad_post_classname":""},"product_brand":[],"product_cat":[22,23],"product_tag":[332,223,239],"class_list":{"0":"post-548","1":"product","2":"type-product","3":"status-publish","4":"has-post-thumbnail","6":"product_cat-licht","7":"product_cat-uv","8":"product_tag-fill","9":"product_tag-light","10":"product_tag-uv","12":"first","13":"instock","14":"shipping-taxable","15":"purchasable","16":"product-type-redq_rental","17":"entry","18":"content-bg","19":"loop-entry"},"_links":{"self":[{"href":"https:\/\/www.pjevents.ch\/en\/wp-json\/wp\/v2\/product\/548","targetHints":{"allow":["GET"]}}],"collection":[{"href":"https:\/\/www.pjevents.ch\/en\/wp-json\/wp\/v2\/product"}],"about":[{"href":"https:\/\/www.pjevents.ch\/en\/wp-json\/wp\/v2\/types\/product"}],"replies":[{"embeddable":true,"href":"https:\/\/www.pjevents.ch\/en\/wp-json\/wp\/v2\/comments?post=548"}],"wp:featuredmedia":[{"embeddable":true,"href":"https:\/\/www.pjevents.ch\/en\/wp-json\/wp\/v2\/media\/744"}],"wp:attachment":[{"href":"https:\/\/www.pjevents.ch\/en\/wp-json\/wp\/v2\/media?parent=548"}],"wp:term":[{"taxonomy":"product_brand","embeddable":true,"href":"https:\/\/www.pjevents.ch\/en\/wp-json\/wp\/v2\/product_brand?post=548"},{"taxonomy":"product_cat","embeddable":true,"href":"https:\/\/www.pjevents.ch\/en\/wp-json\/wp\/v2\/product_cat?post=548"},{"taxonomy":"product_tag","embeddable":true,"href":"https:\/\/www.pjevents.ch\/en\/wp-json\/wp\/v2\/product_tag?post=548"}],"curies":[{"name":"wp","href":"https:\/\/api.w.org\/{rel}","templated":true}]}}