{"id":550,"date":"2025-09-11T23:20:22","date_gmt":"2025-09-11T21:20:22","guid":{"rendered":"https:\/\/www.pjevents.ch\/produkt\/beamz-buv-463\/"},"modified":"2026-02-03T10:47:17","modified_gmt":"2026-02-03T09:47:17","slug":"beamz-buv-463","status":"publish","type":"product","link":"https:\/\/www.pjevents.ch\/en\/product\/beamz-buv-463\/","title":{"rendered":"BeamZ BUV 463"},"content":{"rendered":"<p>Der BeamZ BUV463 ist ein kompakter UV-Fluter mit 24 \u00d7 3 W LEDs. Er bietet Sound-to-Light- und Automatik-Modi sowie DMX-Steuerung f\u00fcr mehr Kontrolle. Ideal, um ganze R\u00e4ume oder Tanzfl\u00e4chen in Schwarzlicht zu setzen \u2013 von der Wohnzimmerparty bis zum Club.<\/p>","protected":false},"excerpt":{"rendered":"<p>Kompakter UV-Fluter mit 24 LEDs, der Fl\u00e4chen in kr\u00e4ftiges Schwarzlicht taucht \u2013 sofort einsatzbereit.<\/p>\n[video width=\"1920\" height=\"1080\" mp4=\"http:\/\/www.pjevents.ch\/wp-content\/uploads\/2025\/09\/BUV-Strobe.mp4\"][\/video]\n","protected":false},"featured_media":716,"comment_status":"open","ping_status":"closed","template":"","meta":{"_kad_post_transparent":"default","_kad_post_title":"","_kad_post_layout":"default","_kad_post_sidebar_id":"","_kad_post_content_style":"default","_kad_post_vertical_padding":"default","_kad_post_feature":"","_kad_post_feature_position":"","_kad_post_header":false,"_kad_post_footer":false,"_kad_post_classname":""},"product_brand":[],"product_cat":[22,23],"product_tag":[332,223,239],"class_list":{"0":"post-550","1":"product","2":"type-product","3":"status-publish","4":"has-post-thumbnail","6":"product_cat-licht","7":"product_cat-uv","8":"product_tag-fill","9":"product_tag-light","10":"product_tag-uv","12":"first","13":"instock","14":"shipping-taxable","15":"purchasable","16":"product-type-redq_rental","17":"entry","18":"content-bg","19":"loop-entry"},"_links":{"self":[{"href":"https:\/\/www.pjevents.ch\/en\/wp-json\/wp\/v2\/product\/550","targetHints":{"allow":["GET"]}}],"collection":[{"href":"https:\/\/www.pjevents.ch\/en\/wp-json\/wp\/v2\/product"}],"about":[{"href":"https:\/\/www.pjevents.ch\/en\/wp-json\/wp\/v2\/types\/product"}],"replies":[{"embeddable":true,"href":"https:\/\/www.pjevents.ch\/en\/wp-json\/wp\/v2\/comments?post=550"}],"wp:featuredmedia":[{"embeddable":true,"href":"https:\/\/www.pjevents.ch\/en\/wp-json\/wp\/v2\/media\/716"}],"wp:attachment":[{"href":"https:\/\/www.pjevents.ch\/en\/wp-json\/wp\/v2\/media?parent=550"}],"wp:term":[{"taxonomy":"product_brand","embeddable":true,"href":"https:\/\/www.pjevents.ch\/en\/wp-json\/wp\/v2\/product_brand?post=550"},{"taxonomy":"product_cat","embeddable":true,"href":"https:\/\/www.pjevents.ch\/en\/wp-json\/wp\/v2\/product_cat?post=550"},{"taxonomy":"product_tag","embeddable":true,"href":"https:\/\/www.pjevents.ch\/en\/wp-json\/wp\/v2\/product_tag?post=550"}],"curies":[{"name":"wp","href":"https:\/\/api.w.org\/{rel}","templated":true}]}}