{"id":552,"date":"2025-09-11T23:20:23","date_gmt":"2025-09-11T21:20:23","guid":{"rendered":"https:\/\/www.pjevents.ch\/produkt\/eurolite-led-strobe-smd-pro-864-rgb\/"},"modified":"2025-10-09T17:44:46","modified_gmt":"2025-10-09T15:44:46","slug":"eurolite-led-strobe-smd-pro-864-rgb","status":"publish","type":"product","link":"https:\/\/www.pjevents.ch\/en\/product\/eurolite-led-strobe-smd-pro-864-rgb\/","title":{"rendered":"Eurolite LED Strobe SMD PRO 864 RGB"},"content":{"rendered":"<p>Das Eurolite LED Strobe SMD PRO 864 RGB arbeitet mit 864 RGB-SMD-LEDs und liefert extrem helle Fl\u00e4chen- und Blitz-Effekte. Statt einer klassischen Strobe-Funktion bietet es zahlreiche vorprogrammierte Muster, die \u00fcber DMX (mehrere Modi), im Standalone oder via Sound-to-Light genutzt werden k\u00f6nnen. Im Musikmodus wird jeweils ein festes Muster zum Beat getriggert. Master\/Slave-Betrieb und Power-Daisy-Chain sind m\u00f6glich. Per DMX auch als reines Stroboskop zu gebrauchen.<\/p>","protected":false},"excerpt":{"rendered":"<p>RGB-LED-Effekt mit 864 LEDs f\u00fcr kr\u00e4ftige Muster- und Chasesequenzen \u2013 l\u00e4uft im Musikmodus, Standalone oder per DMX. Per DMX auch als reines Stroboskop zu gebrauchen.<\/p>\n[video width=\"1920\" height=\"1080\" mp4=\"http:\/\/www.pjevents.ch\/wp-content\/uploads\/2025\/09\/SMD-Pro-1.mp4\"][\/video]\n","protected":false},"featured_media":682,"comment_status":"open","ping_status":"closed","template":"","meta":{"_kad_post_transparent":"default","_kad_post_title":"","_kad_post_layout":"default","_kad_post_sidebar_id":"","_kad_post_content_style":"default","_kad_post_vertical_padding":"default","_kad_post_feature":"","_kad_post_feature_position":"","_kad_post_header":false,"_kad_post_footer":false,"_kad_post_classname":""},"product_brand":[],"product_cat":[24,238],"product_tag":[223,236,237],"class_list":{"0":"post-552","1":"product","2":"type-product","3":"status-publish","4":"has-post-thumbnail","6":"product_cat-strobe","7":"product_cat-wash","8":"product_tag-light","9":"product_tag-strobe","10":"product_tag-wash","12":"first","13":"instock","14":"shipping-taxable","15":"purchasable","16":"product-type-redq_rental","17":"entry","18":"content-bg","19":"loop-entry"},"_links":{"self":[{"href":"https:\/\/www.pjevents.ch\/en\/wp-json\/wp\/v2\/product\/552","targetHints":{"allow":["GET"]}}],"collection":[{"href":"https:\/\/www.pjevents.ch\/en\/wp-json\/wp\/v2\/product"}],"about":[{"href":"https:\/\/www.pjevents.ch\/en\/wp-json\/wp\/v2\/types\/product"}],"replies":[{"embeddable":true,"href":"https:\/\/www.pjevents.ch\/en\/wp-json\/wp\/v2\/comments?post=552"}],"wp:featuredmedia":[{"embeddable":true,"href":"https:\/\/www.pjevents.ch\/en\/wp-json\/wp\/v2\/media\/682"}],"wp:attachment":[{"href":"https:\/\/www.pjevents.ch\/en\/wp-json\/wp\/v2\/media?parent=552"}],"wp:term":[{"taxonomy":"product_brand","embeddable":true,"href":"https:\/\/www.pjevents.ch\/en\/wp-json\/wp\/v2\/product_brand?post=552"},{"taxonomy":"product_cat","embeddable":true,"href":"https:\/\/www.pjevents.ch\/en\/wp-json\/wp\/v2\/product_cat?post=552"},{"taxonomy":"product_tag","embeddable":true,"href":"https:\/\/www.pjevents.ch\/en\/wp-json\/wp\/v2\/product_tag?post=552"}],"curies":[{"name":"wp","href":"https:\/\/api.w.org\/{rel}","templated":true}]}}