{"id":553,"date":"2025-09-11T23:20:23","date_gmt":"2025-09-11T21:20:23","guid":{"rendered":"https:\/\/www.pjevents.ch\/produkt\/mini-blitzlichter-2er-set\/"},"modified":"2026-02-03T10:48:08","modified_gmt":"2026-02-03T09:48:08","slug":"mini-blitzlichter-2er-set","status":"publish","type":"product","link":"https:\/\/www.pjevents.ch\/en\/product\/mini-blitzlichter-2er-set\/","title":{"rendered":"Mini Blitzlicht"},"content":{"rendered":"<p>Die Mini-Blitzlichter sind einfache, kompakte Party-Strobes mit klassischer Blitzr\u00f6hre (keine LEDs). Sie haben keine DMX- oder Sound-to-Light-Funktion, sondern nur eine manuelle Einstellung der Blitzgeschwindigkeit. Angeschlossen werden sie direkt ans 230V-Netz. Ideal als g\u00fcnstiges Add-on f\u00fcr kleine Partys oder als Effekt in dunklen R\u00e4umen.<\/p>","protected":false},"excerpt":{"rendered":"<p>Kleines, klassisches Blitzlicht mit Gl\u00fchlampe \u2013 Geschwindigkeit manuell stufenverstellbar.<\/p>\n[video width=\"1920\" height=\"1080\" mp4=\"http:\/\/www.pjevents.ch\/wp-content\/uploads\/2025\/09\/Mini-Blitz.mp4\"][\/video]\n","protected":false},"featured_media":1199,"comment_status":"open","ping_status":"closed","template":"","meta":{"_kad_post_transparent":"default","_kad_post_title":"","_kad_post_layout":"default","_kad_post_sidebar_id":"","_kad_post_content_style":"default","_kad_post_vertical_padding":"default","_kad_post_feature":"","_kad_post_feature_position":"","_kad_post_header":false,"_kad_post_footer":false,"_kad_post_classname":""},"product_brand":[],"product_cat":[22,24],"product_tag":[332,223,236],"class_list":{"0":"post-553","1":"product","2":"type-product","3":"status-publish","4":"has-post-thumbnail","6":"product_cat-licht","7":"product_cat-strobe","8":"product_tag-fill","9":"product_tag-light","10":"product_tag-strobe","12":"first","13":"instock","14":"shipping-taxable","15":"purchasable","16":"product-type-redq_rental","17":"entry","18":"content-bg","19":"loop-entry"},"_links":{"self":[{"href":"https:\/\/www.pjevents.ch\/en\/wp-json\/wp\/v2\/product\/553","targetHints":{"allow":["GET"]}}],"collection":[{"href":"https:\/\/www.pjevents.ch\/en\/wp-json\/wp\/v2\/product"}],"about":[{"href":"https:\/\/www.pjevents.ch\/en\/wp-json\/wp\/v2\/types\/product"}],"replies":[{"embeddable":true,"href":"https:\/\/www.pjevents.ch\/en\/wp-json\/wp\/v2\/comments?post=553"}],"wp:featuredmedia":[{"embeddable":true,"href":"https:\/\/www.pjevents.ch\/en\/wp-json\/wp\/v2\/media\/1199"}],"wp:attachment":[{"href":"https:\/\/www.pjevents.ch\/en\/wp-json\/wp\/v2\/media?parent=553"}],"wp:term":[{"taxonomy":"product_brand","embeddable":true,"href":"https:\/\/www.pjevents.ch\/en\/wp-json\/wp\/v2\/product_brand?post=553"},{"taxonomy":"product_cat","embeddable":true,"href":"https:\/\/www.pjevents.ch\/en\/wp-json\/wp\/v2\/product_cat?post=553"},{"taxonomy":"product_tag","embeddable":true,"href":"https:\/\/www.pjevents.ch\/en\/wp-json\/wp\/v2\/product_tag?post=553"}],"curies":[{"name":"wp","href":"https:\/\/api.w.org\/{rel}","templated":true}]}}