{"id":555,"date":"2025-09-11T23:20:23","date_gmt":"2025-09-11T21:20:23","guid":{"rendered":"https:\/\/www.pjevents.ch\/produkt\/beamz-rage600-led-nebelmaschine\/"},"modified":"2026-02-03T10:49:38","modified_gmt":"2026-02-03T09:49:38","slug":"beamz-rage600-led-nebelmaschine","status":"publish","type":"product","link":"https:\/\/www.pjevents.ch\/en\/product\/beamz-rage600-led-nebelmaschine\/","title":{"rendered":"BeamZ Rage600 LED fog machine"},"content":{"rendered":"<p>Die BeamZ Rage600 LED ist eine kleine Party-Nebelmaschine mit 600 W Heizleistung und einem 500 ml Fluidtank. Sie kombiniert Nebelaussto\u00df mit orangefarbenen LEDs, die den Nebel optisch zum Gl\u00fchen bringen. Mit einer Aufw\u00e4rmzeit von ca. 3 Minuten und zwei Fernbedienungen (kabelgebunden + Funk) ist sie einfach zu bedienen und ideal f\u00fcr Wohnzimmerpartys oder kleine R\u00e4ume.<\/p>","protected":false},"excerpt":{"rendered":"<p>Compact 600-watt fog machine with orange LED glow effect - including cable and radio remote control.<\/p>","protected":false},"featured_media":739,"comment_status":"open","ping_status":"closed","template":"","meta":{"_kad_post_transparent":"default","_kad_post_title":"","_kad_post_layout":"default","_kad_post_sidebar_id":"","_kad_post_content_style":"default","_kad_post_vertical_padding":"default","_kad_post_feature":"","_kad_post_feature_position":"","_kad_post_header":false,"_kad_post_footer":false,"_kad_post_classname":""},"product_brand":[],"product_cat":[229,25],"product_tag":[224,332,278,246],"class_list":{"0":"post-555","1":"product","2":"type-product","3":"status-publish","4":"has-post-thumbnail","6":"product_cat-effekte","7":"product_cat-nebel","8":"product_tag-effect","9":"product_tag-fill","10":"product_tag-fog_s","11":"product_tag-nebel","13":"first","14":"instock","15":"shipping-taxable","16":"purchasable","17":"product-type-redq_rental","18":"entry","19":"content-bg","20":"loop-entry"},"_links":{"self":[{"href":"https:\/\/www.pjevents.ch\/en\/wp-json\/wp\/v2\/product\/555","targetHints":{"allow":["GET"]}}],"collection":[{"href":"https:\/\/www.pjevents.ch\/en\/wp-json\/wp\/v2\/product"}],"about":[{"href":"https:\/\/www.pjevents.ch\/en\/wp-json\/wp\/v2\/types\/product"}],"replies":[{"embeddable":true,"href":"https:\/\/www.pjevents.ch\/en\/wp-json\/wp\/v2\/comments?post=555"}],"wp:featuredmedia":[{"embeddable":true,"href":"https:\/\/www.pjevents.ch\/en\/wp-json\/wp\/v2\/media\/739"}],"wp:attachment":[{"href":"https:\/\/www.pjevents.ch\/en\/wp-json\/wp\/v2\/media?parent=555"}],"wp:term":[{"taxonomy":"product_brand","embeddable":true,"href":"https:\/\/www.pjevents.ch\/en\/wp-json\/wp\/v2\/product_brand?post=555"},{"taxonomy":"product_cat","embeddable":true,"href":"https:\/\/www.pjevents.ch\/en\/wp-json\/wp\/v2\/product_cat?post=555"},{"taxonomy":"product_tag","embeddable":true,"href":"https:\/\/www.pjevents.ch\/en\/wp-json\/wp\/v2\/product_tag?post=555"}],"curies":[{"name":"wp","href":"https:\/\/api.w.org\/{rel}","templated":true}]}}