{"id":556,"date":"2025-09-11T23:20:23","date_gmt":"2025-09-11T21:20:23","guid":{"rendered":"https:\/\/www.pjevents.ch\/produkt\/adj-micro-galaxian-ii\/"},"modified":"2026-02-03T10:48:08","modified_gmt":"2026-02-03T09:48:08","slug":"adj-micro-galaxian-ii","status":"publish","type":"product","link":"https:\/\/www.pjevents.ch\/en\/product\/adj-micro-galaxian-ii\/","title":{"rendered":"ADJ Micro Galaxian II"},"content":{"rendered":"<p>Der ADJ Micro Galaxian II ist ein kompakter Laserprojektor mit 9 W Leistung und rotem (80 mW, 650 nm) sowie gr\u00fcnem Laser (30 mW, 532 nm). Er bietet Auto- und Sound-Active Betriebsmodi. Stromversorgung \u00fcber 100-240 V, ideal f\u00fcr kleine R\u00e4ume und Effekte \u00fcber Tanzfl\u00e4chen und Decken. Laserfarbe: Gr\u00fcn; Rot\/Gr\u00fcn<\/p>","protected":false},"excerpt":{"rendered":"<p>Mini-Rot\/Gr\u00fcn Laser-Effekt mit ca. 200 Strahlen, Auto- oder Sound-Modus.<\/p>\n[video width=\"1920\" height=\"1080\" mp4=\"http:\/\/www.pjevents.ch\/wp-content\/uploads\/2025\/09\/Micro-Galaxian.mp4\"][\/video]\n","protected":false},"featured_media":743,"comment_status":"open","ping_status":"closed","template":"","meta":{"_kad_post_transparent":"default","_kad_post_title":"","_kad_post_layout":"default","_kad_post_sidebar_id":"","_kad_post_content_style":"default","_kad_post_vertical_padding":"default","_kad_post_feature":"","_kad_post_feature_position":"","_kad_post_header":false,"_kad_post_footer":false,"_kad_post_classname":""},"product_brand":[],"product_cat":[26,22],"product_tag":[235,223],"class_list":{"0":"post-556","1":"product","2":"type-product","3":"status-publish","4":"has-post-thumbnail","6":"product_cat-laser","7":"product_cat-licht","8":"product_tag-laser","9":"product_tag-light","11":"first","12":"instock","13":"shipping-taxable","14":"purchasable","15":"product-type-redq_rental","16":"entry","17":"content-bg","18":"loop-entry"},"_links":{"self":[{"href":"https:\/\/www.pjevents.ch\/en\/wp-json\/wp\/v2\/product\/556","targetHints":{"allow":["GET"]}}],"collection":[{"href":"https:\/\/www.pjevents.ch\/en\/wp-json\/wp\/v2\/product"}],"about":[{"href":"https:\/\/www.pjevents.ch\/en\/wp-json\/wp\/v2\/types\/product"}],"replies":[{"embeddable":true,"href":"https:\/\/www.pjevents.ch\/en\/wp-json\/wp\/v2\/comments?post=556"}],"wp:featuredmedia":[{"embeddable":true,"href":"https:\/\/www.pjevents.ch\/en\/wp-json\/wp\/v2\/media\/743"}],"wp:attachment":[{"href":"https:\/\/www.pjevents.ch\/en\/wp-json\/wp\/v2\/media?parent=556"}],"wp:term":[{"taxonomy":"product_brand","embeddable":true,"href":"https:\/\/www.pjevents.ch\/en\/wp-json\/wp\/v2\/product_brand?post=556"},{"taxonomy":"product_cat","embeddable":true,"href":"https:\/\/www.pjevents.ch\/en\/wp-json\/wp\/v2\/product_cat?post=556"},{"taxonomy":"product_tag","embeddable":true,"href":"https:\/\/www.pjevents.ch\/en\/wp-json\/wp\/v2\/product_tag?post=556"}],"curies":[{"name":"wp","href":"https:\/\/api.w.org\/{rel}","templated":true}]}}