{"id":557,"date":"2025-09-11T23:20:23","date_gmt":"2025-09-11T21:20:23","guid":{"rendered":"https:\/\/www.pjevents.ch\/produkt\/laserworld-cs1000-rgb-mkii\/"},"modified":"2026-02-03T10:48:08","modified_gmt":"2026-02-03T09:48:08","slug":"laserworld-cs1000-rgb-mkii","status":"publish","type":"product","link":"https:\/\/www.pjevents.ch\/en\/product\/laserworld-cs1000-rgb-mkii\/","title":{"rendered":"Laserworld CS1000 RGB MKII"},"content":{"rendered":"<p>Der Laserworld CS-1000RGB MKII ist ein leistungsstarker Showlaser mit 1 W Gesamtausgangsleistung (Rot, Gr\u00fcn, Blau kombiniert). Er bietet ILDA-Steuerung f\u00fcr pr\u00e4zise Grafikshows sowie DMX, Automatik- und Sound-to-Light-Modi f\u00fcr einfacheren Betrieb. Mit 30 kpps Scanner-Geschwindigkeit projiziert er Muster, Texte und Animationen. In der Schweiz f\u00e4llt er mit seiner Leistung in Laserklasse 4 \u2192 Bewilligungspflicht bei \u00f6ffentlichem Einsatz.<\/p>","protected":false},"excerpt":{"rendered":"<p>Showlaser mit 1000 mW Gesamtleistung, analog steuerbar via ILDA oder \u00fcber DMX, Automatik- und Musikmodus verf\u00fcgbar.<\/p>\n[video width=\"1920\" height=\"1080\" mp4=\"http:\/\/www.pjevents.ch\/wp-content\/uploads\/2025\/09\/Laserworld.mp4\"][\/video]\n","protected":false},"featured_media":735,"comment_status":"open","ping_status":"closed","template":"","meta":{"_kad_post_transparent":"default","_kad_post_title":"","_kad_post_layout":"default","_kad_post_sidebar_id":"","_kad_post_content_style":"default","_kad_post_vertical_padding":"default","_kad_post_feature":"","_kad_post_feature_position":"","_kad_post_header":false,"_kad_post_footer":false,"_kad_post_classname":""},"product_brand":[],"product_cat":[26,22],"product_tag":[235,223],"class_list":{"0":"post-557","1":"product","2":"type-product","3":"status-publish","4":"has-post-thumbnail","6":"product_cat-laser","7":"product_cat-licht","8":"product_tag-laser","9":"product_tag-light","11":"first","12":"instock","13":"shipping-taxable","14":"purchasable","15":"product-type-redq_rental","16":"entry","17":"content-bg","18":"loop-entry"},"_links":{"self":[{"href":"https:\/\/www.pjevents.ch\/en\/wp-json\/wp\/v2\/product\/557","targetHints":{"allow":["GET"]}}],"collection":[{"href":"https:\/\/www.pjevents.ch\/en\/wp-json\/wp\/v2\/product"}],"about":[{"href":"https:\/\/www.pjevents.ch\/en\/wp-json\/wp\/v2\/types\/product"}],"replies":[{"embeddable":true,"href":"https:\/\/www.pjevents.ch\/en\/wp-json\/wp\/v2\/comments?post=557"}],"wp:featuredmedia":[{"embeddable":true,"href":"https:\/\/www.pjevents.ch\/en\/wp-json\/wp\/v2\/media\/735"}],"wp:attachment":[{"href":"https:\/\/www.pjevents.ch\/en\/wp-json\/wp\/v2\/media?parent=557"}],"wp:term":[{"taxonomy":"product_brand","embeddable":true,"href":"https:\/\/www.pjevents.ch\/en\/wp-json\/wp\/v2\/product_brand?post=557"},{"taxonomy":"product_cat","embeddable":true,"href":"https:\/\/www.pjevents.ch\/en\/wp-json\/wp\/v2\/product_cat?post=557"},{"taxonomy":"product_tag","embeddable":true,"href":"https:\/\/www.pjevents.ch\/en\/wp-json\/wp\/v2\/product_tag?post=557"}],"curies":[{"name":"wp","href":"https:\/\/api.w.org\/{rel}","templated":true}]}}