{"id":559,"date":"2025-09-11T23:20:23","date_gmt":"2025-09-11T21:20:23","guid":{"rendered":"https:\/\/www.pjevents.ch\/produkt\/equinox-maxipar-quad\/"},"modified":"2026-02-03T10:48:08","modified_gmt":"2026-02-03T09:48:08","slug":"equinox-maxipar-quad","status":"publish","type":"product","link":"https:\/\/www.pjevents.ch\/en\/product\/equinox-maxipar-quad\/","title":{"rendered":"Equinox MaxiPar Quad"},"content":{"rendered":"<p>Der Equinox MaxiPar Quad LED ist ein kompaktes PAR-Scheinwerferlicht mit 7 \u00d7 8 W Quad-Color-LEDs (RGBW). Er bietet kr\u00e4ftige Farben, stufenlose Mischungen und breite Fl\u00e4chenbeleuchtung. Betriebsarten: Automatik, Sound-to-Light, DMX (bis 8 Kan\u00e4le) oder Master\/Slave. Ideal f\u00fcr B\u00fchnen, Partys oder Ambient-Beleuchtung.<\/p>","protected":false},"excerpt":{"rendered":"<p>Flacher LED-PAR mit 7 \u00d7 8 W Quad-LEDs (RGBW) f\u00fcr kr\u00e4ftige Farben und Wash-Effekte \u2013 steuerbar Auto, Sound oder per DMX.<\/p>\n[video width=\"1920\" height=\"1080\" mp4=\"http:\/\/www.pjevents.ch\/wp-content\/uploads\/2025\/09\/Equinox-Wand.mp4\"][\/video]\n","protected":false},"featured_media":730,"comment_status":"open","ping_status":"closed","template":"","meta":{"_kad_post_transparent":"default","_kad_post_title":"","_kad_post_layout":"default","_kad_post_sidebar_id":"","_kad_post_content_style":"default","_kad_post_vertical_padding":"default","_kad_post_feature":"","_kad_post_feature_position":"","_kad_post_header":false,"_kad_post_footer":false,"_kad_post_classname":""},"product_brand":[],"product_cat":[22,27],"product_tag":[332,223,232],"class_list":{"0":"post-559","1":"product","2":"type-product","3":"status-publish","4":"has-post-thumbnail","6":"product_cat-licht","7":"product_cat-par","8":"product_tag-fill","9":"product_tag-light","10":"product_tag-par","12":"first","13":"instock","14":"shipping-taxable","15":"purchasable","16":"product-type-redq_rental","17":"entry","18":"content-bg","19":"loop-entry"},"_links":{"self":[{"href":"https:\/\/www.pjevents.ch\/en\/wp-json\/wp\/v2\/product\/559","targetHints":{"allow":["GET"]}}],"collection":[{"href":"https:\/\/www.pjevents.ch\/en\/wp-json\/wp\/v2\/product"}],"about":[{"href":"https:\/\/www.pjevents.ch\/en\/wp-json\/wp\/v2\/types\/product"}],"replies":[{"embeddable":true,"href":"https:\/\/www.pjevents.ch\/en\/wp-json\/wp\/v2\/comments?post=559"}],"wp:featuredmedia":[{"embeddable":true,"href":"https:\/\/www.pjevents.ch\/en\/wp-json\/wp\/v2\/media\/730"}],"wp:attachment":[{"href":"https:\/\/www.pjevents.ch\/en\/wp-json\/wp\/v2\/media?parent=559"}],"wp:term":[{"taxonomy":"product_brand","embeddable":true,"href":"https:\/\/www.pjevents.ch\/en\/wp-json\/wp\/v2\/product_brand?post=559"},{"taxonomy":"product_cat","embeddable":true,"href":"https:\/\/www.pjevents.ch\/en\/wp-json\/wp\/v2\/product_cat?post=559"},{"taxonomy":"product_tag","embeddable":true,"href":"https:\/\/www.pjevents.ch\/en\/wp-json\/wp\/v2\/product_tag?post=559"}],"curies":[{"name":"wp","href":"https:\/\/api.w.org\/{rel}","templated":true}]}}