{"id":560,"date":"2025-09-11T23:20:23","date_gmt":"2025-09-11T21:20:23","guid":{"rendered":"https:\/\/www.pjevents.ch\/produkt\/spiegelkugel-30-cm\/"},"modified":"2026-02-03T10:49:00","modified_gmt":"2026-02-03T09:49:00","slug":"spiegelkugel-30-cm","status":"publish","type":"product","link":"https:\/\/www.pjevents.ch\/en\/product\/spiegelkugel-30-cm\/","title":{"rendered":"Mirror ball 30 cm"},"content":{"rendered":"<p>Die Eurolite Spiegelkugel 30 cm ist der Klassiker f\u00fcr Partys und Events. Mit hunderten kleinen Spiegelpl\u00e4ttchen verteilt sie Lichtstrahlen im ganzen Raum, sobald ein Spot, Effektlicht oder Laser darauf gerichtet wird. Sie ben\u00f6tigt nur eine einfache Aufh\u00e4ngung; optional kann ein Motor verwendet werden, um die Kugel langsam zu drehen. Motor muss korrekt montiert werden f\u00fcr effiziente Drehung.<\/p>","protected":false},"excerpt":{"rendered":"<p>Klassische Discokugel mit 30 cm Durchmesser \u2013 sorgt f\u00fcr echte Party-Atmosph\u00e4re, wenn sie von einem Spot oder Laser angestrahlt wird. Licht muss separat dazu gebucht werden.<\/p>\n[video width=\"1920\" height=\"1080\" mp4=\"http:\/\/www.pjevents.ch\/wp-content\/uploads\/2025\/09\/Discoball.mp4\"][\/video]\n","protected":false},"featured_media":758,"comment_status":"open","ping_status":"closed","template":"","meta":{"_kad_post_transparent":"default","_kad_post_title":"","_kad_post_layout":"default","_kad_post_sidebar_id":"","_kad_post_content_style":"default","_kad_post_vertical_padding":"default","_kad_post_feature":"","_kad_post_feature_position":"","_kad_post_header":false,"_kad_post_footer":false,"_kad_post_classname":""},"product_brand":[],"product_cat":[229,335],"product_tag":[224,244,332],"class_list":{"0":"post-560","1":"product","2":"type-product","3":"status-publish","4":"has-post-thumbnail","6":"product_cat-effekte","7":"product_cat-spiegel","8":"product_tag-effect","9":"product_tag-effects","10":"product_tag-fill","12":"first","13":"instock","14":"shipping-taxable","15":"purchasable","16":"product-type-redq_rental","17":"entry","18":"content-bg","19":"loop-entry"},"_links":{"self":[{"href":"https:\/\/www.pjevents.ch\/en\/wp-json\/wp\/v2\/product\/560","targetHints":{"allow":["GET"]}}],"collection":[{"href":"https:\/\/www.pjevents.ch\/en\/wp-json\/wp\/v2\/product"}],"about":[{"href":"https:\/\/www.pjevents.ch\/en\/wp-json\/wp\/v2\/types\/product"}],"replies":[{"embeddable":true,"href":"https:\/\/www.pjevents.ch\/en\/wp-json\/wp\/v2\/comments?post=560"}],"wp:featuredmedia":[{"embeddable":true,"href":"https:\/\/www.pjevents.ch\/en\/wp-json\/wp\/v2\/media\/758"}],"wp:attachment":[{"href":"https:\/\/www.pjevents.ch\/en\/wp-json\/wp\/v2\/media?parent=560"}],"wp:term":[{"taxonomy":"product_brand","embeddable":true,"href":"https:\/\/www.pjevents.ch\/en\/wp-json\/wp\/v2\/product_brand?post=560"},{"taxonomy":"product_cat","embeddable":true,"href":"https:\/\/www.pjevents.ch\/en\/wp-json\/wp\/v2\/product_cat?post=560"},{"taxonomy":"product_tag","embeddable":true,"href":"https:\/\/www.pjevents.ch\/en\/wp-json\/wp\/v2\/product_tag?post=560"}],"curies":[{"name":"wp","href":"https:\/\/api.w.org\/{rel}","templated":true}]}}