{"id":562,"date":"2025-09-11T23:20:23","date_gmt":"2025-09-11T21:20:23","guid":{"rendered":"https:\/\/www.pjevents.ch\/produkt\/hk-audio-sonar-115-xi-top\/"},"modified":"2025-10-09T17:31:19","modified_gmt":"2025-10-09T15:31:19","slug":"hk-audio-sonar-115-xi-top","status":"publish","type":"product","link":"https:\/\/www.pjevents.ch\/en\/product\/hk-audio-sonar-115-xi-top\/","title":{"rendered":"HK Audio Sonar 115 XI (Top)"},"content":{"rendered":"<p>Der HK Audio Sonar 115 Xi ist ein kraftvoller Aktivlautsprecher mit 15\u2033 Tieft\u00f6ner und 1\u2033 Hocht\u00f6ner. Er liefert 1200 W Peak, 130 dB SPL und deckt einen Frequenzbereich von 56 Hz \u2013 18 kHz ab. \u00dcber den integrierten DSP k\u00f6nnen Klang, EQ und Delay angepasst werden. Dank Bluetooth 5.0 (TWS) sowie mehreren Eing\u00e4ngen (Mic\/Line, AUX, XLR Out) ist er vielseitig einsetzbar \u2013 als Topteil, Monitor oder Stand-Alone Box. Ma\u00dfe: 42,5 \u00d7 72,9 \u00d7 41,5 cm, Gewicht: 19,5 kg.<\/p>","protected":false},"excerpt":{"rendered":"<p>Aktiver 15\u2033 Full-Range Lautsprecher mit 1200 W Spitzenpower, Bluetooth 5.0 &amp; AUX-Eingang \u2013 ideal f\u00fcr Partys und Musik mit ordentlich Druck. (Auf Wunsch Boxenstativ inklusive)<\/p>","protected":false},"featured_media":765,"comment_status":"open","ping_status":"closed","template":"","meta":{"_kad_post_transparent":"default","_kad_post_title":"","_kad_post_layout":"default","_kad_post_sidebar_id":"","_kad_post_content_style":"default","_kad_post_vertical_padding":"default","_kad_post_feature":"","_kad_post_feature_position":"","_kad_post_header":false,"_kad_post_footer":false,"_kad_post_classname":""},"product_brand":[],"product_cat":[28,166],"product_tag":[272,273,222,231],"class_list":{"0":"post-562","1":"product","2":"type-product","3":"status-publish","4":"has-post-thumbnail","6":"product_cat-audio","7":"product_cat-top","8":"product_tag-m20","9":"product_tag-m50","10":"product_tag-sound","11":"product_tag-tops","13":"first","14":"instock","15":"shipping-taxable","16":"purchasable","17":"product-type-redq_rental","18":"entry","19":"content-bg","20":"loop-entry"},"_links":{"self":[{"href":"https:\/\/www.pjevents.ch\/en\/wp-json\/wp\/v2\/product\/562","targetHints":{"allow":["GET"]}}],"collection":[{"href":"https:\/\/www.pjevents.ch\/en\/wp-json\/wp\/v2\/product"}],"about":[{"href":"https:\/\/www.pjevents.ch\/en\/wp-json\/wp\/v2\/types\/product"}],"replies":[{"embeddable":true,"href":"https:\/\/www.pjevents.ch\/en\/wp-json\/wp\/v2\/comments?post=562"}],"wp:featuredmedia":[{"embeddable":true,"href":"https:\/\/www.pjevents.ch\/en\/wp-json\/wp\/v2\/media\/765"}],"wp:attachment":[{"href":"https:\/\/www.pjevents.ch\/en\/wp-json\/wp\/v2\/media?parent=562"}],"wp:term":[{"taxonomy":"product_brand","embeddable":true,"href":"https:\/\/www.pjevents.ch\/en\/wp-json\/wp\/v2\/product_brand?post=562"},{"taxonomy":"product_cat","embeddable":true,"href":"https:\/\/www.pjevents.ch\/en\/wp-json\/wp\/v2\/product_cat?post=562"},{"taxonomy":"product_tag","embeddable":true,"href":"https:\/\/www.pjevents.ch\/en\/wp-json\/wp\/v2\/product_tag?post=562"}],"curies":[{"name":"wp","href":"https:\/\/api.w.org\/{rel}","templated":true}]}}