{"id":778,"date":"2025-09-18T13:25:25","date_gmt":"2025-09-18T11:25:25","guid":{"rendered":"https:\/\/www.pjevents.ch\/?post_type=product&#038;p=778"},"modified":"2025-10-09T17:29:32","modified_gmt":"2025-10-09T15:29:32","slug":"mpa-m-a-r-l-i-s-mkii-subwoofer","status":"publish","type":"product","link":"https:\/\/www.pjevents.ch\/en\/product\/mpa-m-a-r-l-i-s-mkii-subwoofer\/","title":{"rendered":"MPA M.A.R.L.I.S. MKII Subwoofer"},"content":{"rendered":"<p>Der MPA M.A.R.L.I.S MkII Subwoofer ist das Herzst\u00fcck des Systems. Mit seinem integrierten Verst\u00e4rker treibt er sowohl den 15\u2033 Sub selbst als auch die beiden passiven Tops an. Der Sub liefert satte B\u00e4sse ab ca. 40 Hz und sorgt so f\u00fcr ein druckvolles Klangfundament bei Partys und kleinen bis mittleren Events. Dank robustem Holzgeh\u00e4use, Speakon-Anschl\u00fcssen und M20-Stativaufnahme ist er flexibel im Einsatz.<\/p>","protected":false},"excerpt":{"rendered":"<p>Kr\u00e4ftiger 15\u2033 Subwoofer aus dem MPA M.A.R.L.I.S MkII System \u2013 versorgt die passiven Tops mit Leistung und sorgt f\u00fcr satten Bass.<\/p>","protected":false},"featured_media":779,"comment_status":"open","ping_status":"closed","template":"","meta":{"_kad_post_transparent":"default","_kad_post_title":"","_kad_post_layout":"default","_kad_post_sidebar_id":"","_kad_post_content_style":"default","_kad_post_vertical_padding":"default","_kad_post_feature":"","_kad_post_feature_position":"","_kad_post_header":false,"_kad_post_footer":false,"_kad_post_classname":""},"product_brand":[],"product_cat":[28,167],"product_tag":[222,230],"class_list":{"0":"post-778","1":"product","2":"type-product","3":"status-publish","4":"has-post-thumbnail","6":"product_cat-audio","7":"product_cat-subwoofer","8":"product_tag-sound","9":"product_tag-subs","11":"first","12":"instock","13":"shipping-taxable","14":"purchasable","15":"product-type-redq_rental","16":"entry","17":"content-bg","18":"loop-entry"},"_links":{"self":[{"href":"https:\/\/www.pjevents.ch\/en\/wp-json\/wp\/v2\/product\/778","targetHints":{"allow":["GET"]}}],"collection":[{"href":"https:\/\/www.pjevents.ch\/en\/wp-json\/wp\/v2\/product"}],"about":[{"href":"https:\/\/www.pjevents.ch\/en\/wp-json\/wp\/v2\/types\/product"}],"replies":[{"embeddable":true,"href":"https:\/\/www.pjevents.ch\/en\/wp-json\/wp\/v2\/comments?post=778"}],"wp:featuredmedia":[{"embeddable":true,"href":"https:\/\/www.pjevents.ch\/en\/wp-json\/wp\/v2\/media\/779"}],"wp:attachment":[{"href":"https:\/\/www.pjevents.ch\/en\/wp-json\/wp\/v2\/media?parent=778"}],"wp:term":[{"taxonomy":"product_brand","embeddable":true,"href":"https:\/\/www.pjevents.ch\/en\/wp-json\/wp\/v2\/product_brand?post=778"},{"taxonomy":"product_cat","embeddable":true,"href":"https:\/\/www.pjevents.ch\/en\/wp-json\/wp\/v2\/product_cat?post=778"},{"taxonomy":"product_tag","embeddable":true,"href":"https:\/\/www.pjevents.ch\/en\/wp-json\/wp\/v2\/product_tag?post=778"}],"curies":[{"name":"wp","href":"https:\/\/api.w.org\/{rel}","templated":true}]}}